{"id":1839,"date":"2025-06-04T20:43:11","date_gmt":"2025-06-04T20:43:11","guid":{"rendered":"https:\/\/sebesta-jewelry.com\/?post_type=product&#038;p=1839"},"modified":"2026-03-05T19:18:16","modified_gmt":"2026-03-05T19:18:16","slug":"tree-bark-ring-2","status":"publish","type":"product","link":"https:\/\/sebesta-jewelry.com\/cs\/produkt\/tree-bark-ring-2\/","title":{"rendered":"Prsten s motivem k\u016fry"},"content":{"rendered":"<p data-start=\"182\" data-end=\"437\" class=\"translation-block\">Ru\u010dn\u011b vyr\u00e1b\u011bn\u00fd prsten ze st\u0159\u00edbra 925 s texturou inspirovanou p\u0159\u00edrodn\u00ed k\u016frou stromu. Ka\u017ed\u00fd kus je individu\u00e1ln\u011b tvarov\u00e1n a dokon\u010den ru\u010dn\u011b, d\u00edky \u010demu\u017e z\u00edsk\u00e1v\u00e1 organick\u00fd, hmatateln\u00fd povrch, kter\u00fd oslavuje syrovou kr\u00e1su p\u0159\u00edrody.<\/p>\n<p data-start=\"439\" data-end=\"648\">Tento autorsk\u00fd prsten kombinuje rustik\u00e1ln\u00ed kouzlo s modern\u00edm designem, d\u00edky \u010demu\u017e je v\u00fdrazn\u00fdm kouskem pro ka\u017edodenn\u00ed no\u0161en\u00ed nebo jako sou\u010d\u00e1st vrstven\u00e9ho setu. Jedine\u010dn\u00e1 volba pro milovn\u00edky texturovan\u00fdch, ru\u010dn\u011b vyr\u00e1b\u011bn\u00fdch \u0161perk\u016f s charakterem.<\/p>\n<p data-start=\"61\" data-end=\"125\">V\u0161echny \u0161perky jsou navrhov\u00e1ny a vyr\u00e1b\u011bny v soukrom\u00e9 d\u00edln\u011b nedaleko Prahy,<\/p>\n<ul>\n<li data-start=\"127\" data-end=\"332\" class=\"translation-block\">St\u0159\u00edbro \u2013 Ag925 je obl\u00edben\u00fd materi\u00e1l pro v\u00fdrobu kvalitn\u00edch \u0161perk\u016f po tis\u00edce let. Nezanech\u00e1v\u00e1 skvrny na poko\u017ece a je odoln\u00e9 proti korozi. P\u0159i spr\u00e1vn\u00e9 p\u00e9\u010di v\u00e1m v\u00e1\u0161 kousek vydr\u017e\u00ed cel\u00fd \u017eivot.<\/li>\n<li data-start=\"334\" data-end=\"645\" class=\"translation-block\">P\u00e9\u010de o st\u0159\u00edbro \u2013 St\u0159\u00edbro nevy\u017eaduje \u017e\u00e1dnou speci\u00e1ln\u00ed \u00fadr\u017ebu, ale \u010dasem se p\u0159irozen\u011b patinuje. V n\u011bkter\u00fdch p\u0159\u00edpadech je tato patina \u017e\u00e1douc\u00ed a dod\u00e1v\u00e1 \u0161perku kr\u00e1sn\u00fd \u201evintage\u201c charakter. P\u016fvodn\u00ed lesk se v\u0161ak snadno obnov\u00ed pomoc\u00ed b\u011b\u017en\u011b dostupn\u00fdch prost\u0159edk\u016f na \u010di\u0161t\u011bn\u00ed st\u0159\u00edbra.<\/li>\n<li data-start=\"647\" data-end=\"944\" class=\"translation-block\">V\u00fdb\u011br velikosti \u2013 Tabulku velikost\u00ed najdete pod fotografi\u00ed produktu. Obvod prstu si snadno zm\u011b\u0159\u00edte pomoc\u00ed prou\u017eku pap\u00edru nebo kousku prov\u00e1zku a n\u00e1sledn\u00fdm zm\u011b\u0159en\u00edm jeho d\u00e9lky. Pokud budete pot\u0159ebovat s v\u00fdb\u011brem velikosti poradit, nev\u00e1hejte m\u011b kontaktovat p\u0159es kontaktn\u00ed formul\u00e1\u0159.<\/li>\n<\/ul>","protected":false},"excerpt":{"rendered":"<p>St\u0159\u00edbrn\u00fd ru\u010dn\u011b vy\u0159ez\u00e1van\u00fd prsten inspirovan\u00fd texturou k\u016fry stromu.<\/p>","protected":false},"featured_media":1841,"template":"","meta":{"site-sidebar-layout":"default","site-content-layout":"default","ast-site-content-layout":"default","site-content-style":"default","site-sidebar-style":"default","ast-global-header-display":"","ast-banner-title-visibility":"","ast-main-header-display":"","ast-hfb-above-header-display":"","ast-hfb-below-header-display":"","ast-hfb-mobile-header-display":"","site-post-title":"","ast-breadcrumbs-content":"","ast-featured-img":"","footer-sml-layout":"","ast-disable-related-posts":"","theme-transparent-header-meta":"default","adv-header-id-meta":"","stick-header-meta":"default","header-above-stick-meta":"","header-main-stick-meta":"","header-below-stick-meta":"","astra-migrate-meta-layouts":"set","ast-page-background-enabled":"default","ast-page-background-meta":{"desktop":{"background-color":"var(--ast-global-color-4)","background-image":"","background-repeat":"repeat","background-position":"center center","background-size":"auto","background-attachment":"scroll","background-type":"","background-media":"","overlay-type":"","overlay-color":"","overlay-opacity":"","overlay-gradient":""},"tablet":{"background-color":"","background-image":"","background-repeat":"repeat","background-position":"center center","background-size":"auto","background-attachment":"scroll","background-type":"","background-media":"","overlay-type":"","overlay-color":"","overlay-opacity":"","overlay-gradient":""},"mobile":{"background-color":"","background-image":"","background-repeat":"repeat","background-position":"center center","background-size":"auto","background-attachment":"scroll","background-type":"","background-media":"","overlay-type":"","overlay-color":"","overlay-opacity":"","overlay-gradient":""}},"ast-content-background-meta":{"desktop":{"background-color":"var(--ast-global-color-5)","background-image":"","background-repeat":"repeat","background-position":"center center","background-size":"auto","background-attachment":"scroll","background-type":"","background-media":"","overlay-type":"","overlay-color":"","overlay-opacity":"","overlay-gradient":""},"tablet":{"background-color":"var(--ast-global-color-5)","background-image":"","background-repeat":"repeat","background-position":"center center","background-size":"auto","background-attachment":"scroll","background-type":"","background-media":"","overlay-type":"","overlay-color":"","overlay-opacity":"","overlay-gradient":""},"mobile":{"background-color":"var(--ast-global-color-5)","background-image":"","background-repeat":"repeat","background-position":"center center","background-size":"auto","background-attachment":"scroll","background-type":"","background-media":"","overlay-type":"","overlay-color":"","overlay-opacity":"","overlay-gradient":""}}},"product_brand":[],"product_cat":[303,339],"product_tag":[241,251,279,242,265,267,280,263,247,240,158,248],"class_list":{"0":"post-1839","1":"product","2":"type-product","3":"status-publish","4":"has-post-thumbnail","6":"product_cat-all-rings-en","7":"product_cat-collection-woods-en","8":"product_tag-925-silver","9":"product_tag-artisan-ring","10":"product_tag-bark-texture","11":"product_tag-handmade-jewelry","12":"product_tag-nature-inspired","13":"product_tag-organic-design","14":"product_tag-rustic-silver","15":"product_tag-silver-textured-ring","16":"product_tag-statement-ring","17":"product_tag-sterling-silver-ring","18":"product_tag-tree-bark-ring","19":"product_tag-unisex-jewelry","20":"desktop-align-center","21":"tablet-align-left","22":"mobile-align-center","24":"first","25":"instock","26":"shipping-taxable","27":"purchasable","28":"product-type-variable"},"yoast_head":"<!-- This site is optimized with the Yoast SEO plugin v27.4 - https:\/\/yoast.com\/product\/yoast-seo-wordpress\/ -->\n<title>Tree bark ring - sebesta-jewelry.com<\/title>\n<meta name=\"description\" content=\"Handmade Tree Bark Ring crafted from 925 sterling silver with a natural bark texture. Artisan ring with organic, nature\u2011inspired design.\" \/>\n<meta name=\"robots\" content=\"index, follow, max-snippet:-1, max-image-preview:large, max-video-preview:-1\" \/>\n<link rel=\"canonical\" href=\"https:\/\/sebesta-jewelry.com\/cs\/produkt\/tree-bark-ring-2\/\" \/>\n<meta property=\"og:locale\" content=\"cs_CZ\" \/>\n<meta property=\"og:type\" content=\"article\" \/>\n<meta property=\"og:title\" content=\"Tree bark ring - sebesta-jewelry.com\" \/>\n<meta property=\"og:description\" content=\"Handmade Tree Bark Ring crafted from 925 sterling silver with a natural bark texture. Artisan ring with organic, nature\u2011inspired design.\" \/>\n<meta property=\"og:url\" content=\"https:\/\/sebesta-jewelry.com\/cs\/produkt\/tree-bark-ring-2\/\" \/>\n<meta property=\"og:site_name\" content=\"sebesta-jewelry.com\" \/>\n<meta property=\"article:publisher\" content=\"https:\/\/www.facebook.com\/profile.php?id=61579142947455\" \/>\n<meta property=\"article:modified_time\" content=\"2026-03-05T19:18:16+00:00\" \/>\n<meta property=\"og:image\" content=\"https:\/\/sebesta-jewelry.com\/wp-content\/uploads\/2025\/06\/20250603_183414-scaled-e1749152348380.jpg\" \/>\n\t<meta property=\"og:image:width\" content=\"2206\" \/>\n\t<meta property=\"og:image:height\" content=\"2206\" \/>\n\t<meta property=\"og:image:type\" content=\"image\/jpeg\" \/>\n<meta name=\"twitter:card\" content=\"summary_large_image\" \/>\n<meta name=\"twitter:label1\" content=\"Odhadovan\u00e1 doba \u010dten\u00ed\" \/>\n\t<meta name=\"twitter:data1\" content=\"2 minuty\" \/>\n<script type=\"application\/ld+json\" class=\"yoast-schema-graph\">{\"@context\":\"https:\\\/\\\/schema.org\",\"@graph\":[{\"@type\":\"WebPage\",\"@id\":\"https:\\\/\\\/sebesta-jewelry.com\\\/cs\\\/produkt\\\/tree-bark-ring-2\\\/\",\"url\":\"https:\\\/\\\/sebesta-jewelry.com\\\/cs\\\/produkt\\\/tree-bark-ring-2\\\/\",\"name\":\"Tree bark ring - sebesta-jewelry.com\",\"isPartOf\":{\"@id\":\"https:\\\/\\\/sebesta-jewelry.com\\\/#website\"},\"primaryImageOfPage\":{\"@id\":\"https:\\\/\\\/sebesta-jewelry.com\\\/cs\\\/produkt\\\/tree-bark-ring-2\\\/#primaryimage\"},\"image\":{\"@id\":\"https:\\\/\\\/sebesta-jewelry.com\\\/cs\\\/produkt\\\/tree-bark-ring-2\\\/#primaryimage\"},\"thumbnailUrl\":\"https:\\\/\\\/sebesta-jewelry.com\\\/wp-content\\\/uploads\\\/2025\\\/06\\\/20250603_183414-scaled-e1749152348380.jpg\",\"datePublished\":\"2025-06-04T20:43:11+00:00\",\"dateModified\":\"2026-03-05T19:18:16+00:00\",\"description\":\"Handmade Tree Bark Ring crafted from 925 sterling silver with a natural bark texture. Artisan ring with organic, nature\u2011inspired design.\",\"breadcrumb\":{\"@id\":\"https:\\\/\\\/sebesta-jewelry.com\\\/cs\\\/produkt\\\/tree-bark-ring-2\\\/#breadcrumb\"},\"inLanguage\":\"cs\",\"potentialAction\":[{\"@type\":\"ReadAction\",\"target\":[\"https:\\\/\\\/sebesta-jewelry.com\\\/cs\\\/produkt\\\/tree-bark-ring-2\\\/\"]}]},{\"@type\":\"ImageObject\",\"inLanguage\":\"cs\",\"@id\":\"https:\\\/\\\/sebesta-jewelry.com\\\/cs\\\/produkt\\\/tree-bark-ring-2\\\/#primaryimage\",\"url\":\"https:\\\/\\\/sebesta-jewelry.com\\\/wp-content\\\/uploads\\\/2025\\\/06\\\/20250603_183414-scaled-e1749152348380.jpg\",\"contentUrl\":\"https:\\\/\\\/sebesta-jewelry.com\\\/wp-content\\\/uploads\\\/2025\\\/06\\\/20250603_183414-scaled-e1749152348380.jpg\",\"width\":2206,\"height\":2206},{\"@type\":\"BreadcrumbList\",\"@id\":\"https:\\\/\\\/sebesta-jewelry.com\\\/cs\\\/produkt\\\/tree-bark-ring-2\\\/#breadcrumb\",\"itemListElement\":[{\"@type\":\"ListItem\",\"position\":1,\"name\":\"Home\",\"item\":\"https:\\\/\\\/sebesta-jewelry.com\\\/\"},{\"@type\":\"ListItem\",\"position\":2,\"name\":\"Shop\",\"item\":\"https:\\\/\\\/sebesta-jewelry.com\\\/shop\\\/\"},{\"@type\":\"ListItem\",\"position\":3,\"name\":\"Tree bark ring\"}]},{\"@type\":\"WebSite\",\"@id\":\"https:\\\/\\\/sebesta-jewelry.com\\\/#website\",\"url\":\"https:\\\/\\\/sebesta-jewelry.com\\\/\",\"name\":\"sebesta-jewelry.com\",\"description\":\"Unique silver jewelry\",\"publisher\":{\"@id\":\"https:\\\/\\\/sebesta-jewelry.com\\\/#organization\"},\"potentialAction\":[{\"@type\":\"SearchAction\",\"target\":{\"@type\":\"EntryPoint\",\"urlTemplate\":\"https:\\\/\\\/sebesta-jewelry.com\\\/?s={search_term_string}\"},\"query-input\":{\"@type\":\"PropertyValueSpecification\",\"valueRequired\":true,\"valueName\":\"search_term_string\"}}],\"inLanguage\":\"cs\"},{\"@type\":\"Organization\",\"@id\":\"https:\\\/\\\/sebesta-jewelry.com\\\/#organization\",\"name\":\"sebesta-jewelry.com\",\"url\":\"https:\\\/\\\/sebesta-jewelry.com\\\/\",\"logo\":{\"@type\":\"ImageObject\",\"inLanguage\":\"cs\",\"@id\":\"https:\\\/\\\/sebesta-jewelry.com\\\/#\\\/schema\\\/logo\\\/image\\\/\",\"url\":\"https:\\\/\\\/sebesta-jewelry.com\\\/wp-content\\\/uploads\\\/2026\\\/01\\\/cropped-S.png\",\"contentUrl\":\"https:\\\/\\\/sebesta-jewelry.com\\\/wp-content\\\/uploads\\\/2026\\\/01\\\/cropped-S.png\",\"width\":2000,\"height\":2000,\"caption\":\"sebesta-jewelry.com\"},\"image\":{\"@id\":\"https:\\\/\\\/sebesta-jewelry.com\\\/#\\\/schema\\\/logo\\\/image\\\/\"},\"sameAs\":[\"https:\\\/\\\/www.facebook.com\\\/profile.php?id=61579142947455\",\"https:\\\/\\\/www.instagram.com\\\/sebestajewelry\\\/\"]}]}<\/script>\n<!-- \/ Yoast SEO plugin. -->","yoast_head_json":{"title":"Tree bark ring - sebesta-jewelry.com","description":"Handmade Tree Bark Ring crafted from 925 sterling silver with a natural bark texture. Artisan ring with organic, nature\u2011inspired design.","robots":{"index":"index","follow":"follow","max-snippet":"max-snippet:-1","max-image-preview":"max-image-preview:large","max-video-preview":"max-video-preview:-1"},"canonical":"https:\/\/sebesta-jewelry.com\/cs\/produkt\/tree-bark-ring-2\/","og_locale":"cs_CZ","og_type":"article","og_title":"Tree bark ring - sebesta-jewelry.com","og_description":"Handmade Tree Bark Ring crafted from 925 sterling silver with a natural bark texture. Artisan ring with organic, nature\u2011inspired design.","og_url":"https:\/\/sebesta-jewelry.com\/cs\/produkt\/tree-bark-ring-2\/","og_site_name":"sebesta-jewelry.com","article_publisher":"https:\/\/www.facebook.com\/profile.php?id=61579142947455","article_modified_time":"2026-03-05T19:18:16+00:00","og_image":[{"width":2206,"height":2206,"url":"https:\/\/sebesta-jewelry.com\/wp-content\/uploads\/2025\/06\/20250603_183414-scaled-e1749152348380.jpg","type":"image\/jpeg"}],"twitter_card":"summary_large_image","twitter_misc":{"Odhadovan\u00e1 doba \u010dten\u00ed":"2 minuty"},"schema":{"@context":"https:\/\/schema.org","@graph":[{"@type":"WebPage","@id":"https:\/\/sebesta-jewelry.com\/cs\/produkt\/tree-bark-ring-2\/","url":"https:\/\/sebesta-jewelry.com\/cs\/produkt\/tree-bark-ring-2\/","name":"Tree bark ring - sebesta-jewelry.com","isPartOf":{"@id":"https:\/\/sebesta-jewelry.com\/#website"},"primaryImageOfPage":{"@id":"https:\/\/sebesta-jewelry.com\/cs\/produkt\/tree-bark-ring-2\/#primaryimage"},"image":{"@id":"https:\/\/sebesta-jewelry.com\/cs\/produkt\/tree-bark-ring-2\/#primaryimage"},"thumbnailUrl":"https:\/\/sebesta-jewelry.com\/wp-content\/uploads\/2025\/06\/20250603_183414-scaled-e1749152348380.jpg","datePublished":"2025-06-04T20:43:11+00:00","dateModified":"2026-03-05T19:18:16+00:00","description":"Handmade Tree Bark Ring crafted from 925 sterling silver with a natural bark texture. Artisan ring with organic, nature\u2011inspired design.","breadcrumb":{"@id":"https:\/\/sebesta-jewelry.com\/cs\/produkt\/tree-bark-ring-2\/#breadcrumb"},"inLanguage":"cs","potentialAction":[{"@type":"ReadAction","target":["https:\/\/sebesta-jewelry.com\/cs\/produkt\/tree-bark-ring-2\/"]}]},{"@type":"ImageObject","inLanguage":"cs","@id":"https:\/\/sebesta-jewelry.com\/cs\/produkt\/tree-bark-ring-2\/#primaryimage","url":"https:\/\/sebesta-jewelry.com\/wp-content\/uploads\/2025\/06\/20250603_183414-scaled-e1749152348380.jpg","contentUrl":"https:\/\/sebesta-jewelry.com\/wp-content\/uploads\/2025\/06\/20250603_183414-scaled-e1749152348380.jpg","width":2206,"height":2206},{"@type":"BreadcrumbList","@id":"https:\/\/sebesta-jewelry.com\/cs\/produkt\/tree-bark-ring-2\/#breadcrumb","itemListElement":[{"@type":"ListItem","position":1,"name":"Home","item":"https:\/\/sebesta-jewelry.com\/"},{"@type":"ListItem","position":2,"name":"Shop","item":"https:\/\/sebesta-jewelry.com\/shop\/"},{"@type":"ListItem","position":3,"name":"Tree bark ring"}]},{"@type":"WebSite","@id":"https:\/\/sebesta-jewelry.com\/#website","url":"https:\/\/sebesta-jewelry.com\/","name":"sebesta-jewelry.com","description":"Unique silver jewelry","publisher":{"@id":"https:\/\/sebesta-jewelry.com\/#organization"},"potentialAction":[{"@type":"SearchAction","target":{"@type":"EntryPoint","urlTemplate":"https:\/\/sebesta-jewelry.com\/?s={search_term_string}"},"query-input":{"@type":"PropertyValueSpecification","valueRequired":true,"valueName":"search_term_string"}}],"inLanguage":"cs"},{"@type":"Organization","@id":"https:\/\/sebesta-jewelry.com\/#organization","name":"sebesta-jewelry.com","url":"https:\/\/sebesta-jewelry.com\/","logo":{"@type":"ImageObject","inLanguage":"cs","@id":"https:\/\/sebesta-jewelry.com\/#\/schema\/logo\/image\/","url":"https:\/\/sebesta-jewelry.com\/wp-content\/uploads\/2026\/01\/cropped-S.png","contentUrl":"https:\/\/sebesta-jewelry.com\/wp-content\/uploads\/2026\/01\/cropped-S.png","width":2000,"height":2000,"caption":"sebesta-jewelry.com"},"image":{"@id":"https:\/\/sebesta-jewelry.com\/#\/schema\/logo\/image\/"},"sameAs":["https:\/\/www.facebook.com\/profile.php?id=61579142947455","https:\/\/www.instagram.com\/sebestajewelry\/"]}]}},"_links":{"self":[{"href":"https:\/\/sebesta-jewelry.com\/cs\/wp-json\/wp\/v2\/product\/1839","targetHints":{"allow":["GET"]}}],"collection":[{"href":"https:\/\/sebesta-jewelry.com\/cs\/wp-json\/wp\/v2\/product"}],"about":[{"href":"https:\/\/sebesta-jewelry.com\/cs\/wp-json\/wp\/v2\/types\/product"}],"wp:featuredmedia":[{"embeddable":true,"href":"https:\/\/sebesta-jewelry.com\/cs\/wp-json\/wp\/v2\/media\/1841"}],"wp:attachment":[{"href":"https:\/\/sebesta-jewelry.com\/cs\/wp-json\/wp\/v2\/media?parent=1839"}],"wp:term":[{"taxonomy":"product_brand","embeddable":true,"href":"https:\/\/sebesta-jewelry.com\/cs\/wp-json\/wp\/v2\/product_brand?post=1839"},{"taxonomy":"product_cat","embeddable":true,"href":"https:\/\/sebesta-jewelry.com\/cs\/wp-json\/wp\/v2\/product_cat?post=1839"},{"taxonomy":"product_tag","embeddable":true,"href":"https:\/\/sebesta-jewelry.com\/cs\/wp-json\/wp\/v2\/product_tag?post=1839"}],"curies":[{"name":"wp","href":"https:\/\/api.w.org\/{rel}","templated":true}]}}