{"id":2754,"date":"2025-07-21T19:42:41","date_gmt":"2025-07-21T19:42:41","guid":{"rendered":"https:\/\/sebesta-jewelry.com\/?page_id=2754"},"modified":"2026-02-26T20:02:36","modified_gmt":"2026-02-26T20:02:36","slug":"contact","status":"publish","type":"page","link":"https:\/\/sebesta-jewelry.com\/cs\/contact\/","title":{"rendered":"Kontakt"},"content":{"rendered":"\t\t<div data-elementor-type=\"wp-page\" data-elementor-id=\"2754\" class=\"elementor elementor-2754\">\n\t\t\t\t<div class=\"elementor-element elementor-element-6e9d1be e-flex e-con-boxed e-con e-parent\" data-id=\"6e9d1be\" data-element_type=\"container\" data-e-type=\"container\">\n\t\t\t\t\t<div class=\"e-con-inner\">\n\t\t\t\t<div class=\"elementor-element elementor-element-996b927 elementor-widget elementor-widget-wpforms\" data-id=\"996b927\" data-element_type=\"widget\" data-e-type=\"widget\" data-widget_type=\"wpforms.default\">\n\t\t\t\t<div class=\"elementor-widget-container\">\n\t\t\t\t\t<style id=\"wpforms-css-vars-elementor-widget-996b927\">\n\t\t\t\t.elementor-widget-wpforms.elementor-element-996b927 {\n\t\t\t\t--wpforms-field-border-color: #FAFAFA;\n--wpforms-field-border-color-spare: #FAFAFA;\n--wpforms-field-text-color: #E6E6E6FA;\n--wpforms-label-color: #C9C9C9;\n--wpforms-label-sublabel-color: #E9E9E9F7;\n--wpforms-button-background-color: #E4E4E4;\n--wpforms-button-text-color: #000000;\n\t\t\t}\n\t\t\t<\/style><div class=\"wpforms-container wpforms-container-full wpforms-render-modern\" id=\"wpforms-10\"><form id=\"wpforms-form-10\" class=\"wpforms-validate wpforms-form wpforms-ajax-form\" data-formid=\"10\" method=\"post\" enctype=\"multipart\/form-data\" action=\"\/cs\/wp-json\/wp\/v2\/pages\/2754\" data-token=\"0eebb5e66d4bb5d16ce35364408ef3d0\" data-token-time=\"1776433222\"><noscript class=\"wpforms-error-noscript\">Chcete-li vyplnit tento formul\u00e1\u0159, pros\u00edm povolte v prohl\u00ed\u017ee\u010di JavaScript.<\/noscript><div id=\"wpforms-error-noscript\" style=\"display: none;\">Chcete-li vyplnit tento formul\u00e1\u0159, pros\u00edm povolte v prohl\u00ed\u017ee\u010di JavaScript.<\/div><div class=\"wpforms-field-container\"><div id=\"wpforms-10-field_0-container\" class=\"wpforms-field wpforms-field-name\" data-field-id=\"0\"><label class=\"wpforms-field-label\" for=\"wpforms-10-field_0\">Name <span class=\"wpforms-required-label\" aria-hidden=\"true\">*<\/span><\/label><input type=\"text\" id=\"wpforms-10-field_0\" class=\"wpforms-field-large wpforms-field-required\" name=\"wpforms[fields][0]\" aria-errormessage=\"wpforms-10-field_0-error\" required><\/div><div id=\"wpforms-10-field_1-container\" class=\"wpforms-field wpforms-field-email\" data-field-id=\"1\"><label class=\"wpforms-field-label\" for=\"wpforms-10-field_1\">Your email <span class=\"wpforms-required-label\" aria-hidden=\"true\">*<\/span><\/label><input type=\"email\" id=\"wpforms-10-field_1\" class=\"wpforms-field-large wpforms-field-required\" name=\"wpforms[fields][1]\" spellcheck=\"false\" aria-errormessage=\"wpforms-10-field_1-error\" required><\/div><div id=\"wpforms-10-field_2-container\" class=\"wpforms-field wpforms-field-textarea\" data-field-id=\"2\"><label class=\"wpforms-field-label\" for=\"wpforms-10-field_2\">Message<\/label><textarea id=\"wpforms-10-field_2\" class=\"wpforms-field-medium\" name=\"wpforms[fields][2]\" aria-errormessage=\"wpforms-10-field_2-error\" ><\/textarea><\/div><\/div><!-- .wpforms-field-container --><div class=\"wpforms-submit-container\" ><input type=\"hidden\" name=\"wpforms[id]\" value=\"10\"><input type=\"hidden\" name=\"page_title\" value=\"\"><input type=\"hidden\" name=\"page_url\" value=\"https:\/\/sebesta-jewelry.com\/cs\/wp-json\/wp\/v2\/pages\/2754\"><input type=\"hidden\" name=\"url_referer\" value=\"\"><button type=\"submit\" name=\"wpforms[submit]\" id=\"wpforms-submit-10\" class=\"wpforms-submit\" data-alt-text=\"Sending...\" data-submit-text=\"Odeslat\" aria-live=\"assertive\" value=\"wpforms-submit\">Odeslat<\/button><img decoding=\"async\" src=\"https:\/\/sebesta-jewelry.com\/wp-content\/plugins\/wpforms-lite\/assets\/images\/submit-spin.svg\" class=\"wpforms-submit-spinner\" style=\"display: none;\" width=\"26\" height=\"26\" alt=\"Na\u010d\u00edt\u00e1n\u00ed\"><\/div><\/form><\/div>  <!-- .wpforms-container -->\t\t\t\t<\/div>\n\t\t\t\t<\/div>\n\t\t\t\t\t<\/div>\n\t\t\t\t<\/div>\n\t\t<div class=\"elementor-element elementor-element-5d8963c e-flex e-con-boxed e-con e-parent\" data-id=\"5d8963c\" data-element_type=\"container\" data-e-type=\"container\">\n\t\t\t\t\t<div class=\"e-con-inner\">\n\t\t\t\t<div class=\"elementor-element elementor-element-96a513b elementor-widget elementor-widget-text-editor\" data-id=\"96a513b\" data-element_type=\"widget\" data-e-type=\"widget\" data-widget_type=\"text-editor.default\">\n\t\t\t\t<div class=\"elementor-widget-container\">\n\t\t\t\t\t\t\t\t\t<p>David \u0160ebesta<br \/>sebestajewelry@gmail.com<br \/>I\u010cO 17891809<br \/>DI\u010c(VAT ID) CZ9612160833<\/p>\t\t\t\t\t\t\t\t<\/div>\n\t\t\t\t<\/div>\n\t\t\t\t\t<\/div>\n\t\t\t\t<\/div>\n\t\t\t\t<\/div>\n\t\t","protected":false},"excerpt":{"rendered":"<p>Please enable JavaScript in your browser to complete this form.Please enable JavaScript in your browser to complete this form.Name *Your email *Message Odeslat David \u0160ebestasebestajewelry@gmail.comI\u010cO 17891809DI\u010c(VAT ID) CZ9612160833<\/p>","protected":false},"author":1,"featured_media":0,"parent":0,"menu_order":4,"comment_status":"closed","ping_status":"closed","template":"","meta":{"site-sidebar-layout":"no-sidebar","site-content-layout":"page-builder","ast-site-content-layout":"full-width-container","site-content-style":"unboxed","site-sidebar-style":"unboxed","ast-global-header-display":"","ast-banner-title-visibility":"","ast-main-header-display":"","ast-hfb-above-header-display":"","ast-hfb-below-header-display":"","ast-hfb-mobile-header-display":"","site-post-title":"disabled","ast-breadcrumbs-content":"","ast-featured-img":"disabled","footer-sml-layout":"","ast-disable-related-posts":"","theme-transparent-header-meta":"enabled","adv-header-id-meta":"","stick-header-meta":"","header-above-stick-meta":"","header-main-stick-meta":"","header-below-stick-meta":"","astra-migrate-meta-layouts":"set","ast-page-background-enabled":"default","ast-page-background-meta":{"desktop":{"background-color":"var(--ast-global-color-4)","background-image":"","background-repeat":"repeat","background-position":"center center","background-size":"auto","background-attachment":"scroll","background-type":"","background-media":"","overlay-type":"","overlay-color":"","overlay-opacity":"","overlay-gradient":""},"tablet":{"background-color":"","background-image":"","background-repeat":"repeat","background-position":"center center","background-size":"auto","background-attachment":"scroll","background-type":"","background-media":"","overlay-type":"","overlay-color":"","overlay-opacity":"","overlay-gradient":""},"mobile":{"background-color":"","background-image":"","background-repeat":"repeat","background-position":"center center","background-size":"auto","background-attachment":"scroll","background-type":"","background-media":"","overlay-type":"","overlay-color":"","overlay-opacity":"","overlay-gradient":""}},"ast-content-background-meta":{"desktop":{"background-color":"var(--ast-global-color-5)","background-image":"","background-repeat":"repeat","background-position":"center center","background-size":"auto","background-attachment":"scroll","background-type":"","background-media":"","overlay-type":"","overlay-color":"","overlay-opacity":"","overlay-gradient":""},"tablet":{"background-color":"var(--ast-global-color-5)","background-image":"","background-repeat":"repeat","background-position":"center center","background-size":"auto","background-attachment":"scroll","background-type":"","background-media":"","overlay-type":"","overlay-color":"","overlay-opacity":"","overlay-gradient":""},"mobile":{"background-color":"var(--ast-global-color-5)","background-image":"","background-repeat":"repeat","background-position":"center center","background-size":"auto","background-attachment":"scroll","background-type":"","background-media":"","overlay-type":"","overlay-color":"","overlay-opacity":"","overlay-gradient":""}},"footnotes":""},"class_list":["post-2754","page","type-page","status-publish","hentry"],"yoast_head":"<!-- This site is optimized with the Yoast SEO plugin v27.4 - https:\/\/yoast.com\/product\/yoast-seo-wordpress\/ -->\n<title>Contact - sebesta-jewelry.com<\/title>\n<meta name=\"robots\" content=\"index, follow, max-snippet:-1, max-image-preview:large, max-video-preview:-1\" \/>\n<link rel=\"canonical\" href=\"https:\/\/sebesta-jewelry.com\/cs\/contact\/\" \/>\n<meta property=\"og:locale\" content=\"cs_CZ\" \/>\n<meta property=\"og:type\" content=\"article\" \/>\n<meta property=\"og:title\" content=\"Contact - sebesta-jewelry.com\" \/>\n<meta property=\"og:description\" content=\"Please enable JavaScript in your browser to complete this form.Please enable JavaScript in your browser to complete this form.Name *Your email *Message Odeslat David \u0160ebestasebestajewelry@gmail.comI\u010cO 17891809DI\u010c(VAT ID) CZ9612160833\" \/>\n<meta property=\"og:url\" content=\"https:\/\/sebesta-jewelry.com\/cs\/contact\/\" \/>\n<meta property=\"og:site_name\" content=\"sebesta-jewelry.com\" \/>\n<meta property=\"article:publisher\" content=\"https:\/\/www.facebook.com\/profile.php?id=61579142947455\" \/>\n<meta property=\"article:modified_time\" content=\"2026-02-26T20:02:36+00:00\" \/>\n<meta property=\"og:image\" content=\"https:\/\/sebesta-jewelry.com\/wp-content\/plugins\/wpforms-lite\/assets\/images\/submit-spin.svg\" \/>\n<meta name=\"twitter:card\" content=\"summary_large_image\" \/>\n<meta name=\"twitter:label1\" content=\"Odhadovan\u00e1 doba \u010dten\u00ed\" \/>\n\t<meta name=\"twitter:data1\" content=\"1 minuta\" \/>\n<script type=\"application\/ld+json\" class=\"yoast-schema-graph\">{\"@context\":\"https:\\\/\\\/schema.org\",\"@graph\":[{\"@type\":\"WebPage\",\"@id\":\"https:\\\/\\\/sebesta-jewelry.com\\\/contact\\\/\",\"url\":\"https:\\\/\\\/sebesta-jewelry.com\\\/contact\\\/\",\"name\":\"Contact - sebesta-jewelry.com\",\"isPartOf\":{\"@id\":\"https:\\\/\\\/sebesta-jewelry.com\\\/#website\"},\"primaryImageOfPage\":{\"@id\":\"https:\\\/\\\/sebesta-jewelry.com\\\/contact\\\/#primaryimage\"},\"image\":{\"@id\":\"https:\\\/\\\/sebesta-jewelry.com\\\/contact\\\/#primaryimage\"},\"thumbnailUrl\":\"https:\\\/\\\/sebesta-jewelry.com\\\/wp-content\\\/plugins\\\/wpforms-lite\\\/assets\\\/images\\\/submit-spin.svg\",\"datePublished\":\"2025-07-21T19:42:41+00:00\",\"dateModified\":\"2026-02-26T20:02:36+00:00\",\"breadcrumb\":{\"@id\":\"https:\\\/\\\/sebesta-jewelry.com\\\/contact\\\/#breadcrumb\"},\"inLanguage\":\"cs\",\"potentialAction\":[{\"@type\":\"ReadAction\",\"target\":[\"https:\\\/\\\/sebesta-jewelry.com\\\/contact\\\/\"]}]},{\"@type\":\"ImageObject\",\"inLanguage\":\"cs\",\"@id\":\"https:\\\/\\\/sebesta-jewelry.com\\\/contact\\\/#primaryimage\",\"url\":\"https:\\\/\\\/sebesta-jewelry.com\\\/wp-content\\\/plugins\\\/wpforms-lite\\\/assets\\\/images\\\/submit-spin.svg\",\"contentUrl\":\"https:\\\/\\\/sebesta-jewelry.com\\\/wp-content\\\/plugins\\\/wpforms-lite\\\/assets\\\/images\\\/submit-spin.svg\"},{\"@type\":\"BreadcrumbList\",\"@id\":\"https:\\\/\\\/sebesta-jewelry.com\\\/contact\\\/#breadcrumb\",\"itemListElement\":[{\"@type\":\"ListItem\",\"position\":1,\"name\":\"Home\",\"item\":\"https:\\\/\\\/sebesta-jewelry.com\\\/\"},{\"@type\":\"ListItem\",\"position\":2,\"name\":\"Contact\"}]},{\"@type\":\"WebSite\",\"@id\":\"https:\\\/\\\/sebesta-jewelry.com\\\/#website\",\"url\":\"https:\\\/\\\/sebesta-jewelry.com\\\/\",\"name\":\"sebesta-jewelry.com\",\"description\":\"Unique silver jewelry\",\"publisher\":{\"@id\":\"https:\\\/\\\/sebesta-jewelry.com\\\/#organization\"},\"potentialAction\":[{\"@type\":\"SearchAction\",\"target\":{\"@type\":\"EntryPoint\",\"urlTemplate\":\"https:\\\/\\\/sebesta-jewelry.com\\\/?s={search_term_string}\"},\"query-input\":{\"@type\":\"PropertyValueSpecification\",\"valueRequired\":true,\"valueName\":\"search_term_string\"}}],\"inLanguage\":\"cs\"},{\"@type\":\"Organization\",\"@id\":\"https:\\\/\\\/sebesta-jewelry.com\\\/#organization\",\"name\":\"sebesta-jewelry.com\",\"url\":\"https:\\\/\\\/sebesta-jewelry.com\\\/\",\"logo\":{\"@type\":\"ImageObject\",\"inLanguage\":\"cs\",\"@id\":\"https:\\\/\\\/sebesta-jewelry.com\\\/#\\\/schema\\\/logo\\\/image\\\/\",\"url\":\"https:\\\/\\\/sebesta-jewelry.com\\\/wp-content\\\/uploads\\\/2026\\\/01\\\/cropped-S.png\",\"contentUrl\":\"https:\\\/\\\/sebesta-jewelry.com\\\/wp-content\\\/uploads\\\/2026\\\/01\\\/cropped-S.png\",\"width\":2000,\"height\":2000,\"caption\":\"sebesta-jewelry.com\"},\"image\":{\"@id\":\"https:\\\/\\\/sebesta-jewelry.com\\\/#\\\/schema\\\/logo\\\/image\\\/\"},\"sameAs\":[\"https:\\\/\\\/www.facebook.com\\\/profile.php?id=61579142947455\",\"https:\\\/\\\/www.instagram.com\\\/sebestajewelry\\\/\"]}]}<\/script>\n<!-- \/ Yoast SEO plugin. -->","yoast_head_json":{"title":"Contact - sebesta-jewelry.com","robots":{"index":"index","follow":"follow","max-snippet":"max-snippet:-1","max-image-preview":"max-image-preview:large","max-video-preview":"max-video-preview:-1"},"canonical":"https:\/\/sebesta-jewelry.com\/cs\/contact\/","og_locale":"cs_CZ","og_type":"article","og_title":"Contact - sebesta-jewelry.com","og_description":"Please enable JavaScript in your browser to complete this form.Please enable JavaScript in your browser to complete this form.Name *Your email *Message Odeslat David \u0160ebestasebestajewelry@gmail.comI\u010cO 17891809DI\u010c(VAT ID) CZ9612160833","og_url":"https:\/\/sebesta-jewelry.com\/cs\/contact\/","og_site_name":"sebesta-jewelry.com","article_publisher":"https:\/\/www.facebook.com\/profile.php?id=61579142947455","article_modified_time":"2026-02-26T20:02:36+00:00","og_image":[{"url":"https:\/\/sebesta-jewelry.com\/wp-content\/plugins\/wpforms-lite\/assets\/images\/submit-spin.svg","type":"","width":"","height":""}],"twitter_card":"summary_large_image","twitter_misc":{"Odhadovan\u00e1 doba \u010dten\u00ed":"1 minuta"},"schema":{"@context":"https:\/\/schema.org","@graph":[{"@type":"WebPage","@id":"https:\/\/sebesta-jewelry.com\/contact\/","url":"https:\/\/sebesta-jewelry.com\/contact\/","name":"Contact - sebesta-jewelry.com","isPartOf":{"@id":"https:\/\/sebesta-jewelry.com\/#website"},"primaryImageOfPage":{"@id":"https:\/\/sebesta-jewelry.com\/contact\/#primaryimage"},"image":{"@id":"https:\/\/sebesta-jewelry.com\/contact\/#primaryimage"},"thumbnailUrl":"https:\/\/sebesta-jewelry.com\/wp-content\/plugins\/wpforms-lite\/assets\/images\/submit-spin.svg","datePublished":"2025-07-21T19:42:41+00:00","dateModified":"2026-02-26T20:02:36+00:00","breadcrumb":{"@id":"https:\/\/sebesta-jewelry.com\/contact\/#breadcrumb"},"inLanguage":"cs","potentialAction":[{"@type":"ReadAction","target":["https:\/\/sebesta-jewelry.com\/contact\/"]}]},{"@type":"ImageObject","inLanguage":"cs","@id":"https:\/\/sebesta-jewelry.com\/contact\/#primaryimage","url":"https:\/\/sebesta-jewelry.com\/wp-content\/plugins\/wpforms-lite\/assets\/images\/submit-spin.svg","contentUrl":"https:\/\/sebesta-jewelry.com\/wp-content\/plugins\/wpforms-lite\/assets\/images\/submit-spin.svg"},{"@type":"BreadcrumbList","@id":"https:\/\/sebesta-jewelry.com\/contact\/#breadcrumb","itemListElement":[{"@type":"ListItem","position":1,"name":"Home","item":"https:\/\/sebesta-jewelry.com\/"},{"@type":"ListItem","position":2,"name":"Contact"}]},{"@type":"WebSite","@id":"https:\/\/sebesta-jewelry.com\/#website","url":"https:\/\/sebesta-jewelry.com\/","name":"sebesta-jewelry.com","description":"Unique silver jewelry","publisher":{"@id":"https:\/\/sebesta-jewelry.com\/#organization"},"potentialAction":[{"@type":"SearchAction","target":{"@type":"EntryPoint","urlTemplate":"https:\/\/sebesta-jewelry.com\/?s={search_term_string}"},"query-input":{"@type":"PropertyValueSpecification","valueRequired":true,"valueName":"search_term_string"}}],"inLanguage":"cs"},{"@type":"Organization","@id":"https:\/\/sebesta-jewelry.com\/#organization","name":"sebesta-jewelry.com","url":"https:\/\/sebesta-jewelry.com\/","logo":{"@type":"ImageObject","inLanguage":"cs","@id":"https:\/\/sebesta-jewelry.com\/#\/schema\/logo\/image\/","url":"https:\/\/sebesta-jewelry.com\/wp-content\/uploads\/2026\/01\/cropped-S.png","contentUrl":"https:\/\/sebesta-jewelry.com\/wp-content\/uploads\/2026\/01\/cropped-S.png","width":2000,"height":2000,"caption":"sebesta-jewelry.com"},"image":{"@id":"https:\/\/sebesta-jewelry.com\/#\/schema\/logo\/image\/"},"sameAs":["https:\/\/www.facebook.com\/profile.php?id=61579142947455","https:\/\/www.instagram.com\/sebestajewelry\/"]}]}},"_links":{"self":[{"href":"https:\/\/sebesta-jewelry.com\/cs\/wp-json\/wp\/v2\/pages\/2754","targetHints":{"allow":["GET"]}}],"collection":[{"href":"https:\/\/sebesta-jewelry.com\/cs\/wp-json\/wp\/v2\/pages"}],"about":[{"href":"https:\/\/sebesta-jewelry.com\/cs\/wp-json\/wp\/v2\/types\/page"}],"author":[{"embeddable":true,"href":"https:\/\/sebesta-jewelry.com\/cs\/wp-json\/wp\/v2\/users\/1"}],"replies":[{"embeddable":true,"href":"https:\/\/sebesta-jewelry.com\/cs\/wp-json\/wp\/v2\/comments?post=2754"}],"version-history":[{"count":19,"href":"https:\/\/sebesta-jewelry.com\/cs\/wp-json\/wp\/v2\/pages\/2754\/revisions"}],"predecessor-version":[{"id":3111,"href":"https:\/\/sebesta-jewelry.com\/cs\/wp-json\/wp\/v2\/pages\/2754\/revisions\/3111"}],"wp:attachment":[{"href":"https:\/\/sebesta-jewelry.com\/cs\/wp-json\/wp\/v2\/media?parent=2754"}],"curies":[{"name":"wp","href":"https:\/\/api.w.org\/{rel}","templated":true}]}}