{"id":2669,"date":"2025-07-21T18:02:50","date_gmt":"2025-07-21T18:02:50","guid":{"rendered":"https:\/\/sebesta-jewelry.com\/?page_id=2669"},"modified":"2026-02-26T20:02:32","modified_gmt":"2026-02-26T20:02:32","slug":"about-2","status":"publish","type":"page","link":"https:\/\/sebesta-jewelry.com\/cs\/about-2\/","title":{"rendered":"Info"},"content":{"rendered":"<div data-elementor-type=\"wp-page\" data-elementor-id=\"2669\" class=\"elementor elementor-2669\">\n\t\t\t\t<div class=\"elementor-element elementor-element-65f04d3 e-flex e-con-boxed e-con e-parent\" data-id=\"65f04d3\" data-element_type=\"container\" data-e-type=\"container\">\n\t\t\t\t\t<div class=\"e-con-inner\">\n\t\t\t\t<div class=\"elementor-element elementor-element-21755ae elementor-widget elementor-widget-text-editor\" data-id=\"21755ae\" data-element_type=\"widget\" data-e-type=\"widget\" data-widget_type=\"text-editor.default\">\n\t\t\t\t<div class=\"elementor-widget-container\">\n\t\t\t\t\t\t\t\t\t<p data-start=\"40\" data-end=\"373\"><span style=\"color: #ffffff;\"><strong data-start=\"40\" data-end=\"89\">D\u011bkuji za zhl\u00e9dnut\u00ed m\u00e9 tvorby!<\/strong><\/span><br data-start=\"89\" data-end=\"92\" \/>\u0160perky vyr\u00e1b\u00edm ve sv\u00e9 mal\u00e9 d\u00edln\u011b pobl\u00ed\u017e Prahy. V\u0161echny m\u00e9 kousky jsou z 925 st\u0159\u00edbra, v\u011bt\u0161inou recyklovan\u00e9ho. Pracuji samostatn\u011b a nech\u00e1v\u00e1m voln\u011b plynout jak sv\u00e9 n\u00e1pady, tak ruce. Vyr\u00e1b\u00edm pouze to, co m\u011b bav\u00ed a nenech\u00e1v\u00e1m se ovlivnit mainstreamov\u00fdmi trendy.<\/p><p data-start=\"375\" data-end=\"408\"><span style=\"color: #ffffff;\"><strong data-start=\"375\" data-end=\"406\">\u010casto kladen\u00e9 ot\u00e1zky<\/strong><\/span><\/p><p data-start=\"410\" data-end=\"559\"><span style=\"color: #ffffff;\"><strong data-start=\"410\" data-end=\"488\">Jsou m\u00e9 \u0161perky k dispozici i ve zlat\u011b, chirurgick\u00e9 oceli nebo jin\u00fdch kovech?<\/strong><\/span><br data-start=\"488\" data-end=\"491\" \/>Prozat\u00edm prod\u00e1v\u00e1m pouze to co m\u00e1m v nab\u00eddce - \u010dili st\u0159\u00edbro.<\/p><p data-start=\"561\" data-end=\"671\"><span style=\"color: #ffffff;\"><strong data-start=\"561\" data-end=\"625\">Je mo\u017en\u00e9 na prsten vygrav\u00edrovat zpr\u00e1vu, jm\u00e9no nebo inici\u00e1ly?<\/strong><\/span><br data-start=\"625\" data-end=\"628\" \/>Moment\u00e1ln\u011b tuto mo\u017enost nenab\u00edz\u00edm.<\/p><p data-start=\"673\" data-end=\"963\"><span style=\"color: #ffffff;\"><strong data-start=\"673\" data-end=\"714\">Je mo\u017enost v\u00fdroby \u0161perku na zak\u00e1zku?<\/strong><\/span><br data-start=\"714\" data-end=\"717\" \/>T\u00e9to mo\u017enosti jsem otev\u0159en. Nap\u0159\u00edklad pokud se v\u00e1m l\u00edb\u00ed styl n\u011bkter\u00e9ho z m\u00fdch \u0161perk\u016f, ale cht\u011bli byste odli\u0161n\u00fd design ve stejn\u00e9m stylu nebo v jin\u00fdch rozm\u011brech, kontaktujte m\u011b p\u0159es kontaktn\u00ed formul\u00e1\u0159 a m\u016f\u017eeme spole\u010dn\u011b zkusit n\u011bco vymyslet!<\/p><p data-start=\"965\" data-end=\"1059\"><span style=\"color: #ffffff;\"><strong data-start=\"965\" data-end=\"983\">Co svatebn\u00ed\/z\u00e1snubn\u00ed prsteny?<\/strong><\/span><br data-start=\"983\" data-end=\"986\" \/>Zast\u00e1v\u00e1m n\u00e1zor, \u017ee ka\u017ed\u00fd prsten m\u016f\u017ee b\u00fdt svatebn\u00ed\/z\u00e1snubn\u00ed. Nechci p\u0159ehnan\u011b nadsazovat cenu \u0161perku, jen kv\u016fli za\u0161katulkovan\u00ed do ur\u010dit\u00e9 kategorie.<\/p><p data-start=\"1061\" data-end=\"1258\"><span style=\"color: #ffffff;\">Jsem otev\u0159en zaj\u00edmav\u00fdm a vz\u00e1jemn\u011b obohacuj\u00edc\u00edm spoluprac\u00edm \u2014 ide\u00e1ln\u011b s jin\u00fdm nez\u00e1visl\u00fdm tv\u016frcem. Pokud v\u00e1s moje pr\u00e1ce zaujala, nev\u00e1hejte m\u011b kontaktovat p\u0159es kontaktn\u00ed formul\u00e1\u0159!<\/span><\/p><p data-start=\"1260\" data-end=\"1340\"><span style=\"color: #ffffff;\"><strong data-start=\"1260\" data-end=\"1328\">P\u0159eji v\u00e1m jen to nejlep\u0161\u00ed - a a\u0165 v\u017edy d\u011bl\u00e1te to, co v\u00e1s bav\u00ed!<\/strong><\/span><br data-start=\"1328\" data-end=\"1331\" \/><span style=\"color: #ffffff;\">D. \u0160ebesta<\/span><\/p>\t\t\t\t\t\t\t\t<\/div>\n\t\t\t\t<\/div>\n\t\t\t\t\t<\/div>\n\t\t\t\t<\/div>\n\t\t\t\t<\/div>","protected":false},"excerpt":{"rendered":"<p>Hello and thank you for checking out my work!I create jewelry in my small workshop near Prague, Czech Republic. All my pieces are made from 925 sterling silver, mostly recycled. I work independently, letting both my ideas and hands flow freely. I only make what I enjoy, and I don\u2019t concern myself with mainstream trends. [&hellip;]<\/p>\n","protected":false},"author":1,"featured_media":0,"parent":0,"menu_order":3,"comment_status":"closed","ping_status":"closed","template":"","meta":{"site-sidebar-layout":"no-sidebar","site-content-layout":"page-builder","ast-site-content-layout":"full-width-container","site-content-style":"unboxed","site-sidebar-style":"unboxed","ast-global-header-display":"","ast-banner-title-visibility":"","ast-main-header-display":"","ast-hfb-above-header-display":"","ast-hfb-below-header-display":"","ast-hfb-mobile-header-display":"","site-post-title":"disabled","ast-breadcrumbs-content":"","ast-featured-img":"disabled","footer-sml-layout":"","ast-disable-related-posts":"","theme-transparent-header-meta":"enabled","adv-header-id-meta":"","stick-header-meta":"","header-above-stick-meta":"","header-main-stick-meta":"","header-below-stick-meta":"","astra-migrate-meta-layouts":"set","ast-page-background-enabled":"default","ast-page-background-meta":{"desktop":{"background-color":"var(--ast-global-color-4)","background-image":"","background-repeat":"repeat","background-position":"center center","background-size":"auto","background-attachment":"scroll","background-type":"","background-media":"","overlay-type":"","overlay-color":"","overlay-opacity":"","overlay-gradient":""},"tablet":{"background-color":"","background-image":"","background-repeat":"repeat","background-position":"center center","background-size":"auto","background-attachment":"scroll","background-type":"","background-media":"","overlay-type":"","overlay-color":"","overlay-opacity":"","overlay-gradient":""},"mobile":{"background-color":"","background-image":"","background-repeat":"repeat","background-position":"center center","background-size":"auto","background-attachment":"scroll","background-type":"","background-media":"","overlay-type":"","overlay-color":"","overlay-opacity":"","overlay-gradient":""}},"ast-content-background-meta":{"desktop":{"background-color":"var(--ast-global-color-5)","background-image":"","background-repeat":"repeat","background-position":"center center","background-size":"auto","background-attachment":"scroll","background-type":"","background-media":"","overlay-type":"","overlay-color":"","overlay-opacity":"","overlay-gradient":""},"tablet":{"background-color":"var(--ast-global-color-5)","background-image":"","background-repeat":"repeat","background-position":"center center","background-size":"auto","background-attachment":"scroll","background-type":"","background-media":"","overlay-type":"","overlay-color":"","overlay-opacity":"","overlay-gradient":""},"mobile":{"background-color":"var(--ast-global-color-5)","background-image":"","background-repeat":"repeat","background-position":"center center","background-size":"auto","background-attachment":"scroll","background-type":"","background-media":"","overlay-type":"","overlay-color":"","overlay-opacity":"","overlay-gradient":""}},"footnotes":""},"class_list":["post-2669","page","type-page","status-publish","hentry"],"yoast_head":"<!-- This site is optimized with the Yoast SEO plugin v27.4 - https:\/\/yoast.com\/product\/yoast-seo-wordpress\/ -->\n<title>About - sebesta-jewelry.com<\/title>\n<meta name=\"robots\" content=\"index, follow, max-snippet:-1, max-image-preview:large, max-video-preview:-1\" \/>\n<link rel=\"canonical\" href=\"https:\/\/sebesta-jewelry.com\/cs\/about-2\/\" \/>\n<meta property=\"og:locale\" content=\"cs_CZ\" \/>\n<meta property=\"og:type\" content=\"article\" \/>\n<meta property=\"og:title\" content=\"About - sebesta-jewelry.com\" \/>\n<meta property=\"og:description\" content=\"Hello and thank you for checking out my work!I create jewelry in my small workshop near Prague, Czech Republic. All my pieces are made from 925 sterling silver, mostly recycled. I work independently, letting both my ideas and hands flow freely. I only make what I enjoy, and I don\u2019t concern myself with mainstream trends. [&hellip;]\" \/>\n<meta property=\"og:url\" content=\"https:\/\/sebesta-jewelry.com\/cs\/about-2\/\" \/>\n<meta property=\"og:site_name\" content=\"sebesta-jewelry.com\" \/>\n<meta property=\"article:publisher\" content=\"https:\/\/www.facebook.com\/profile.php?id=61579142947455\" \/>\n<meta property=\"article:modified_time\" content=\"2026-02-26T20:02:32+00:00\" \/>\n<meta name=\"twitter:card\" content=\"summary_large_image\" \/>\n<meta name=\"twitter:label1\" content=\"Odhadovan\u00e1 doba \u010dten\u00ed\" \/>\n\t<meta name=\"twitter:data1\" content=\"1 minuta\" \/>\n<script type=\"application\/ld+json\" class=\"yoast-schema-graph\">{\"@context\":\"https:\\\/\\\/schema.org\",\"@graph\":[{\"@type\":\"WebPage\",\"@id\":\"https:\\\/\\\/sebesta-jewelry.com\\\/about-2\\\/\",\"url\":\"https:\\\/\\\/sebesta-jewelry.com\\\/about-2\\\/\",\"name\":\"About - sebesta-jewelry.com\",\"isPartOf\":{\"@id\":\"https:\\\/\\\/sebesta-jewelry.com\\\/#website\"},\"datePublished\":\"2025-07-21T18:02:50+00:00\",\"dateModified\":\"2026-02-26T20:02:32+00:00\",\"breadcrumb\":{\"@id\":\"https:\\\/\\\/sebesta-jewelry.com\\\/about-2\\\/#breadcrumb\"},\"inLanguage\":\"cs\",\"potentialAction\":[{\"@type\":\"ReadAction\",\"target\":[\"https:\\\/\\\/sebesta-jewelry.com\\\/about-2\\\/\"]}]},{\"@type\":\"BreadcrumbList\",\"@id\":\"https:\\\/\\\/sebesta-jewelry.com\\\/about-2\\\/#breadcrumb\",\"itemListElement\":[{\"@type\":\"ListItem\",\"position\":1,\"name\":\"Home\",\"item\":\"https:\\\/\\\/sebesta-jewelry.com\\\/\"},{\"@type\":\"ListItem\",\"position\":2,\"name\":\"About\"}]},{\"@type\":\"WebSite\",\"@id\":\"https:\\\/\\\/sebesta-jewelry.com\\\/#website\",\"url\":\"https:\\\/\\\/sebesta-jewelry.com\\\/\",\"name\":\"sebesta-jewelry.com\",\"description\":\"Unique silver jewelry\",\"publisher\":{\"@id\":\"https:\\\/\\\/sebesta-jewelry.com\\\/#organization\"},\"potentialAction\":[{\"@type\":\"SearchAction\",\"target\":{\"@type\":\"EntryPoint\",\"urlTemplate\":\"https:\\\/\\\/sebesta-jewelry.com\\\/?s={search_term_string}\"},\"query-input\":{\"@type\":\"PropertyValueSpecification\",\"valueRequired\":true,\"valueName\":\"search_term_string\"}}],\"inLanguage\":\"cs\"},{\"@type\":\"Organization\",\"@id\":\"https:\\\/\\\/sebesta-jewelry.com\\\/#organization\",\"name\":\"sebesta-jewelry.com\",\"url\":\"https:\\\/\\\/sebesta-jewelry.com\\\/\",\"logo\":{\"@type\":\"ImageObject\",\"inLanguage\":\"cs\",\"@id\":\"https:\\\/\\\/sebesta-jewelry.com\\\/#\\\/schema\\\/logo\\\/image\\\/\",\"url\":\"https:\\\/\\\/sebesta-jewelry.com\\\/wp-content\\\/uploads\\\/2026\\\/01\\\/cropped-S.png\",\"contentUrl\":\"https:\\\/\\\/sebesta-jewelry.com\\\/wp-content\\\/uploads\\\/2026\\\/01\\\/cropped-S.png\",\"width\":2000,\"height\":2000,\"caption\":\"sebesta-jewelry.com\"},\"image\":{\"@id\":\"https:\\\/\\\/sebesta-jewelry.com\\\/#\\\/schema\\\/logo\\\/image\\\/\"},\"sameAs\":[\"https:\\\/\\\/www.facebook.com\\\/profile.php?id=61579142947455\",\"https:\\\/\\\/www.instagram.com\\\/sebestajewelry\\\/\"]}]}<\/script>\n<!-- \/ Yoast SEO plugin. -->","yoast_head_json":{"title":"About - sebesta-jewelry.com","robots":{"index":"index","follow":"follow","max-snippet":"max-snippet:-1","max-image-preview":"max-image-preview:large","max-video-preview":"max-video-preview:-1"},"canonical":"https:\/\/sebesta-jewelry.com\/cs\/about-2\/","og_locale":"cs_CZ","og_type":"article","og_title":"About - sebesta-jewelry.com","og_description":"Hello and thank you for checking out my work!I create jewelry in my small workshop near Prague, Czech Republic. All my pieces are made from 925 sterling silver, mostly recycled. I work independently, letting both my ideas and hands flow freely. I only make what I enjoy, and I don\u2019t concern myself with mainstream trends. [&hellip;]","og_url":"https:\/\/sebesta-jewelry.com\/cs\/about-2\/","og_site_name":"sebesta-jewelry.com","article_publisher":"https:\/\/www.facebook.com\/profile.php?id=61579142947455","article_modified_time":"2026-02-26T20:02:32+00:00","twitter_card":"summary_large_image","twitter_misc":{"Odhadovan\u00e1 doba \u010dten\u00ed":"1 minuta"},"schema":{"@context":"https:\/\/schema.org","@graph":[{"@type":"WebPage","@id":"https:\/\/sebesta-jewelry.com\/about-2\/","url":"https:\/\/sebesta-jewelry.com\/about-2\/","name":"About - sebesta-jewelry.com","isPartOf":{"@id":"https:\/\/sebesta-jewelry.com\/#website"},"datePublished":"2025-07-21T18:02:50+00:00","dateModified":"2026-02-26T20:02:32+00:00","breadcrumb":{"@id":"https:\/\/sebesta-jewelry.com\/about-2\/#breadcrumb"},"inLanguage":"cs","potentialAction":[{"@type":"ReadAction","target":["https:\/\/sebesta-jewelry.com\/about-2\/"]}]},{"@type":"BreadcrumbList","@id":"https:\/\/sebesta-jewelry.com\/about-2\/#breadcrumb","itemListElement":[{"@type":"ListItem","position":1,"name":"Home","item":"https:\/\/sebesta-jewelry.com\/"},{"@type":"ListItem","position":2,"name":"About"}]},{"@type":"WebSite","@id":"https:\/\/sebesta-jewelry.com\/#website","url":"https:\/\/sebesta-jewelry.com\/","name":"sebesta-jewelry.com","description":"Unique silver jewelry","publisher":{"@id":"https:\/\/sebesta-jewelry.com\/#organization"},"potentialAction":[{"@type":"SearchAction","target":{"@type":"EntryPoint","urlTemplate":"https:\/\/sebesta-jewelry.com\/?s={search_term_string}"},"query-input":{"@type":"PropertyValueSpecification","valueRequired":true,"valueName":"search_term_string"}}],"inLanguage":"cs"},{"@type":"Organization","@id":"https:\/\/sebesta-jewelry.com\/#organization","name":"sebesta-jewelry.com","url":"https:\/\/sebesta-jewelry.com\/","logo":{"@type":"ImageObject","inLanguage":"cs","@id":"https:\/\/sebesta-jewelry.com\/#\/schema\/logo\/image\/","url":"https:\/\/sebesta-jewelry.com\/wp-content\/uploads\/2026\/01\/cropped-S.png","contentUrl":"https:\/\/sebesta-jewelry.com\/wp-content\/uploads\/2026\/01\/cropped-S.png","width":2000,"height":2000,"caption":"sebesta-jewelry.com"},"image":{"@id":"https:\/\/sebesta-jewelry.com\/#\/schema\/logo\/image\/"},"sameAs":["https:\/\/www.facebook.com\/profile.php?id=61579142947455","https:\/\/www.instagram.com\/sebestajewelry\/"]}]}},"_links":{"self":[{"href":"https:\/\/sebesta-jewelry.com\/cs\/wp-json\/wp\/v2\/pages\/2669","targetHints":{"allow":["GET"]}}],"collection":[{"href":"https:\/\/sebesta-jewelry.com\/cs\/wp-json\/wp\/v2\/pages"}],"about":[{"href":"https:\/\/sebesta-jewelry.com\/cs\/wp-json\/wp\/v2\/types\/page"}],"author":[{"embeddable":true,"href":"https:\/\/sebesta-jewelry.com\/cs\/wp-json\/wp\/v2\/users\/1"}],"replies":[{"embeddable":true,"href":"https:\/\/sebesta-jewelry.com\/cs\/wp-json\/wp\/v2\/comments?post=2669"}],"version-history":[{"count":9,"href":"https:\/\/sebesta-jewelry.com\/cs\/wp-json\/wp\/v2\/pages\/2669\/revisions"}],"predecessor-version":[{"id":3453,"href":"https:\/\/sebesta-jewelry.com\/cs\/wp-json\/wp\/v2\/pages\/2669\/revisions\/3453"}],"wp:attachment":[{"href":"https:\/\/sebesta-jewelry.com\/cs\/wp-json\/wp\/v2\/media?parent=2669"}],"curies":[{"name":"wp","href":"https:\/\/api.w.org\/{rel}","templated":true}]}}